{"id":10519,"date":"2025-01-17T21:57:06","date_gmt":"2025-01-17T21:57:06","guid":{"rendered":"https:\/\/digitaladvertisingteam.com\/?page_id=10519"},"modified":"2026-04-18T07:40:10","modified_gmt":"2026-04-18T07:40:10","slug":"about-us","status":"publish","type":"page","link":"https:\/\/digitaladvertisingteam.com\/es\/about-us\/","title":{"rendered":"Sobre nosotros"},"content":{"rendered":"<div data-elementor-type=\"wp-page\" data-elementor-id=\"10519\" class=\"elementor elementor-10519\" data-elementor-post-type=\"page\">\n\t\t\t\t<div class=\"elementor-element elementor-element-2491793 e-flex e-con-boxed e-con e-parent\" data-id=\"2491793\" data-element_type=\"container\" data-e-type=\"container\">\n\t\t\t\t\t<div class=\"e-con-inner\">\n\t\t<div class=\"elementor-element elementor-element-3f9f97a e-con-full e-flex e-con e-child\" data-id=\"3f9f97a\" data-element_type=\"container\" data-e-type=\"container\">\n\t\t\t\t<div class=\"elementor-element elementor-element-abf6e88 elementor-widget elementor-widget-heading\" data-id=\"abf6e88\" data-element_type=\"widget\" data-e-type=\"widget\" data-widget_type=\"heading.default\">\n\t\t\t\t<div class=\"elementor-widget-container\">\n\t\t\t\t\t<h2 class=\"elementor-heading-title elementor-size-default\">Creamos soluciones inmobiliarias digitales, no folletos digitales.<\/h2>\t\t\t\t<\/div>\n\t\t\t\t<\/div>\n\t\t\t\t<div class=\"elementor-element elementor-element-d1fea2e elementor-widget elementor-widget-text-editor\" data-id=\"d1fea2e\" data-element_type=\"widget\" data-e-type=\"widget\" data-widget_type=\"text-editor.default\">\n\t\t\t\t<div class=\"elementor-widget-container\">\n\t\t\t\t\t\t\t\t\t<p data-path-to-node=\"6\"><span data-path-to-node=\"6,1\"><span class=\"citation-87\">La mayor\u00eda de los sitios web simplemente est\u00e1n ah\u00ed acumulando &quot;polvo de p\u00edxeles&quot;.\u201c<\/span><\/span><span data-path-to-node=\"6,3\">. <\/span><span data-path-to-node=\"6,5\"><span class=\"citation-86\">Se pagan y se mantienen, pero no generan clientes potenciales cualificados, oportunidades de crecimiento ni flujo de caja.<\/span><\/span><span data-path-to-node=\"6,7\">.<\/span><\/p><p id=\"p-rc_fbdc3894df2d8d3f-22\" data-path-to-node=\"7\"><span data-path-to-node=\"7,1\"><span class=\"citation-85\">Creemos que tu presencia online deber\u00eda ser un activo digital generador de oportunidades.<\/span><\/span><span data-path-to-node=\"7,3\">. <\/span><span data-path-to-node=\"7,5\"><span class=\"citation-84\">No comprar\u00edas una propiedad para alquilar y nunca la anunciar\u00edas, y tampoco deber\u00edas dejar tu sitio web inactivo.<\/span><\/span><span data-path-to-node=\"7,7\">. <\/span><span data-path-to-node=\"7,9\"><span class=\"citation-83\">Estamos aqu\u00ed para ayudarte a convertir tu sitio web en un activo valioso.<\/span><\/span><\/p>\t\t\t\t\t\t\t\t<\/div>\n\t\t\t\t<\/div>\n\t\t\t\t<div class=\"elementor-element elementor-element-62643a5 elementor-widget elementor-widget-heading\" data-id=\"62643a5\" data-element_type=\"widget\" data-e-type=\"widget\" data-widget_type=\"heading.default\">\n\t\t\t\t<div class=\"elementor-widget-container\">\n\t\t\t\t\t<h2 class=\"elementor-heading-title elementor-size-default\">Nuestro marco de activos digitales<\/h2>\t\t\t\t<\/div>\n\t\t\t\t<\/div>\n\t\t\t\t<div class=\"elementor-element elementor-element-99812a9 elementor-widget__width-inherit elementor-widget-mobile__width-inherit elementor-widget elementor-widget-text-editor\" data-id=\"99812a9\" data-element_type=\"widget\" data-e-type=\"widget\" data-widget_type=\"text-editor.default\">\n\t\t\t\t<div class=\"elementor-widget-container\">\n\t\t\t\t\t\t\t\t\t<p>La mayor\u00eda de las agencias simplemente activan tus anuncios de Google o Facebook y esperan que tu sitio web haga el resto. Nosotros hacemos las cosas de manera diferente. Conectamos tus campa\u00f1as publicitarias, tu sitio web y tu sistema de seguimiento en una base s\u00f3lida dise\u00f1ada con un \u00fanico prop\u00f3sito: convertir clics en clientes potenciales reales, oportunidades reales e ingresos reales. Nuestro enfoque se basa en tres componentes clave.<\/p>\t\t\t\t\t\t\t\t<\/div>\n\t\t\t\t<\/div>\n\t\t\t\t<div class=\"elementor-element elementor-element-9e5a8a0 elementor-widget elementor-widget-heading\" data-id=\"9e5a8a0\" data-element_type=\"widget\" data-e-type=\"widget\" data-widget_type=\"heading.default\">\n\t\t\t\t<div class=\"elementor-widget-container\">\n\t\t\t\t\t<h2 class=\"elementor-heading-title elementor-size-default\">Los 3 componentes principales<\/h2>\t\t\t\t<\/div>\n\t\t\t\t<\/div>\n\t\t\t\t<div class=\"elementor-element elementor-element-3bc0465 elementor--h-position-center elementor--v-position-middle elementor-arrows-position-inside elementor-widget elementor-widget-slides\" data-id=\"3bc0465\" data-element_type=\"widget\" data-e-type=\"widget\" data-settings=\"{&quot;navigation&quot;:&quot;arrows&quot;,&quot;transition&quot;:&quot;fade&quot;,&quot;autoplay&quot;:&quot;yes&quot;,&quot;pause_on_hover&quot;:&quot;yes&quot;,&quot;pause_on_interaction&quot;:&quot;yes&quot;,&quot;autoplay_speed&quot;:5000,&quot;infinite&quot;:&quot;yes&quot;,&quot;transition_speed&quot;:500}\" data-widget_type=\"slides.default\">\n\t\t\t\t<div class=\"elementor-widget-container\">\n\t\t\t\t\t\t\t\t\t<div class=\"elementor-swiper\">\n\t\t\t\t\t<div class=\"elementor-slides-wrapper elementor-main-swiper swiper\" role=\"region\" aria-roledescription=\"carousel\" aria-label=\"Tres componentes principales\" dir=\"ltr\" data-animation=\"fadeInRight\">\n\t\t\t\t<div class=\"swiper-wrapper elementor-slides\">\n\t\t\t\t\t\t\t\t\t\t<div class=\"elementor-repeater-item-09fd87e swiper-slide\" role=\"group\" aria-roledescription=\"slide\"><div class=\"swiper-slide-bg elementor-ken-burns elementor-ken-burns--out\" role=\"img\" aria-label=\"Inteligencia profunda de mercado\"><\/div><div class=\"elementor-background-overlay\"><\/div><div class=\"swiper-slide-inner\" ><div class=\"swiper-slide-contents\"><div class=\"elementor-slide-heading\">Inteligencia profunda de mercado<\/div><div class=\"elementor-slide-description\">Profundizamos en la psicolog\u00eda humana y la investigaci\u00f3n de mercado para descubrir exactamente por qu\u00e9 sus clientes potenciales, clientes y consumidores ideales act\u00faan de determinada manera.<\/div><\/div><\/div><\/div><div class=\"elementor-repeater-item-8bbd56b swiper-slide\" role=\"group\" aria-roledescription=\"slide\"><div class=\"swiper-slide-bg elementor-ken-burns elementor-ken-burns--in\" role=\"img\" aria-label=\"Infraestructura digital\"><\/div><div class=\"elementor-background-overlay\"><\/div><div class=\"swiper-slide-inner\" ><div class=\"swiper-slide-contents\"><div class=\"elementor-slide-heading\">Infraestructura digital<\/div><div class=\"elementor-slide-description\">Nos centramos en la base. Creamos sitios web optimizados para la conversi\u00f3n, integrados con sistemas de seguimiento para aprovechar cada oportunidad y ofrecer una visibilidad total de lo que funciona.<\/div><\/div><\/div><\/div><div class=\"elementor-repeater-item-fd8f2b3 swiper-slide\" role=\"group\" aria-roledescription=\"slide\"><div class=\"swiper-slide-bg elementor-ken-burns elementor-ken-burns--out\" role=\"img\" aria-label=\"mantenimiento diario activo\"><\/div><div class=\"elementor-background-overlay\"><\/div><div class=\"swiper-slide-inner\" ><div class=\"swiper-slide-contents\"><div class=\"elementor-slide-heading\">Mantenimiento diario activo<\/div><div class=\"elementor-slide-description\">Un activo digital solo conserva su valor si se le da un mantenimiento activo. Nosotros gestionamos diariamente sus activos digitales y garantizamos que sus sistemas funcionen de manera eficiente todos los d\u00edas.<\/div><\/div><\/div><\/div>\t\t\t\t<\/div>\n\t\t\t\t\t\t\t\t\t\t\t\t\t\t\t<div class=\"elementor-swiper-button elementor-swiper-button-prev\" role=\"button\" tabindex=\"0\" aria-label=\"Diapositiva anterior\">\n\t\t\t\t\t\t\t<svg aria-hidden=\"true\" class=\"e-font-icon-svg e-eicon-chevron-left\" viewbox=\"0 0 1000 1000\" xmlns=\"http:\/\/www.w3.org\/2000\/svg\"><path d=\"M646 125C629 125 613 133 604 142L308 442C296 454 292 471 292 487 292 504 296 521 308 533L604 854C617 867 629 875 646 875 663 875 679 871 692 858 704 846 713 829 713 812 713 796 708 779 692 767L438 487 692 225C700 217 708 204 708 187 708 171 704 154 692 142 675 129 663 125 646 125Z\"><\/path><\/svg>\t\t\t\t\t\t<\/div>\n\t\t\t\t\t\t<div class=\"elementor-swiper-button elementor-swiper-button-next\" role=\"button\" tabindex=\"0\" aria-label=\"Siguiente diapositiva\">\n\t\t\t\t\t\t\t<svg aria-hidden=\"true\" class=\"e-font-icon-svg e-eicon-chevron-right\" viewbox=\"0 0 1000 1000\" xmlns=\"http:\/\/www.w3.org\/2000\/svg\"><path d=\"M696 533C708 521 713 504 713 487 713 471 708 454 696 446L400 146C388 133 375 125 354 125 338 125 325 129 313 142 300 154 292 171 292 187 292 204 296 221 308 233L563 492 304 771C292 783 288 800 288 817 288 833 296 850 308 863 321 871 338 875 354 875 371 875 388 867 400 854L696 533Z\"><\/path><\/svg>\t\t\t\t\t\t<\/div>\n\t\t\t\t\t\t\t\t\t\t\t\t\t\t\t\t\t<\/div>\n\t\t\t\t<\/div>\n\t\t\t\t\t\t\t\t<\/div>\n\t\t\t\t<\/div>\n\t\t\t\t<\/div>\n\t\t<div class=\"elementor-element elementor-element-3f72fcb e-con-full e-flex e-con e-child\" data-id=\"3f72fcb\" data-element_type=\"container\" data-e-type=\"container\">\n\t\t\t\t<div class=\"elementor-element elementor-element-354cb68 elementor-widget elementor-widget-image\" data-id=\"354cb68\" data-element_type=\"widget\" data-e-type=\"widget\" data-widget_type=\"image.default\">\n\t\t\t\t<div class=\"elementor-widget-container\">\n\t\t\t\t\t\t\t\t\t\t\t\t\t\t\t<img fetchpriority=\"high\" decoding=\"async\" width=\"1694\" height=\"2528\" src=\"https:\/\/digitaladvertisingteam.com\/wp-content\/uploads\/2026\/04\/DAT-About-Image-4.png\" class=\"attachment-full size-full wp-image-14429\" alt=\"\" srcset=\"https:\/\/digitaladvertisingteam.com\/wp-content\/uploads\/2026\/04\/DAT-About-Image-4.png 1694w, https:\/\/digitaladvertisingteam.com\/wp-content\/uploads\/2026\/04\/DAT-About-Image-4-201x300.png 201w, https:\/\/digitaladvertisingteam.com\/wp-content\/uploads\/2026\/04\/DAT-About-Image-4-724x1080.png 724w, https:\/\/digitaladvertisingteam.com\/wp-content\/uploads\/2026\/04\/DAT-About-Image-4-768x1146.png 768w, https:\/\/digitaladvertisingteam.com\/wp-content\/uploads\/2026\/04\/DAT-About-Image-4-1029x1536.png 1029w, https:\/\/digitaladvertisingteam.com\/wp-content\/uploads\/2026\/04\/DAT-About-Image-4-1372x2048.png 1372w\" sizes=\"(max-width: 1694px) 100vw, 1694px\" \/>\t\t\t\t\t\t\t\t\t\t\t\t\t\t\t<\/div>\n\t\t\t\t<\/div>\n\t\t\t\t<\/div>\n\t\t\t\t\t<\/div>\n\t\t\t\t<\/div>\n\t\t<div class=\"elementor-element elementor-element-c924943 e-flex e-con-boxed e-con e-parent\" data-id=\"c924943\" data-element_type=\"container\" data-e-type=\"container\" data-settings=\"{&quot;background_background&quot;:&quot;classic&quot;}\">\n\t\t\t\t\t<div class=\"e-con-inner\">\n\t\t\t\t<div class=\"elementor-element elementor-element-1bafde2 elementor-widget elementor-widget-heading\" data-id=\"1bafde2\" data-element_type=\"widget\" data-e-type=\"widget\" data-widget_type=\"heading.default\">\n\t\t\t\t<div class=\"elementor-widget-container\">\n\t\t\t\t\t<h2 class=\"elementor-heading-title elementor-size-default\">C\u00f3mo llegamos hasta aqu\u00ed<\/h2>\t\t\t\t<\/div>\n\t\t\t\t<\/div>\n\t\t\t\t<div class=\"elementor-element elementor-element-bf2b049 elementor-widget elementor-widget-text-editor\" data-id=\"bf2b049\" data-element_type=\"widget\" data-e-type=\"widget\" data-widget_type=\"text-editor.default\">\n\t\t\t\t<div class=\"elementor-widget-container\">\n\t\t\t\t\t\t\t\t\t<p data-path-to-node=\"3,0\">En 2018, comenzamos con un \u00fanico objetivo: ayudar a las empresas de servicios a generar los clientes potenciales que necesitan para crecer a trav\u00e9s de la publicidad digital directa.<\/p><p data-path-to-node=\"3,1\">Pero a medida que gestion\u00e1bamos las campa\u00f1as, notamos una enorme desconexi\u00f3n. Gener\u00e1bamos un gran tr\u00e1fico, pero los sitios web de nuestros clientes no estaban preparados para gestionarlo. Con pr\u00e1cticamente ning\u00fan sistema de seguimiento, no sab\u00edan c\u00f3mo medir, optimizar ni invertir en su presencia online.<\/p><p data-path-to-node=\"3,2\">Esa constataci\u00f3n lo cambi\u00f3 todo.<\/p><p data-path-to-node=\"3,3\">Dejamos de tratar los anuncios y los sitios web como servicios separados y desarrollamos nuestra filosof\u00eda de &quot;bienes ra\u00edces digitales&quot;. Hoy, combinamos mediciones precisas, dise\u00f1o de alta conversi\u00f3n y publicidad segmentada para crear activos digitales integrados que le brindan oportunidades de forma constante.<\/p>\t\t\t\t\t\t\t\t<\/div>\n\t\t\t\t<\/div>\n\t\t\t\t\t<\/div>\n\t\t\t\t<\/div>\n\t\t\t\t<\/div>","protected":false},"excerpt":{"rendered":"<p>We Build Digital Real Estate. Not Digital Brochures. Most websites are just sitting there collecting &#8220;pixel dust&#8221;. They are paid for and maintained, but they aren&#8217;t bringing in any qualified leads, growth opportunities, or generating cash flow. We believe your online presence should be an opportunity-producing digital asset. You wouldn&#8217;t buy a rental property and [&hellip;]<\/p>\n","protected":false},"author":1,"featured_media":4024,"parent":0,"menu_order":0,"comment_status":"closed","ping_status":"closed","template":"elementor_theme","meta":{"footnotes":""},"class_list":["post-10519","page","type-page","status-publish","has-post-thumbnail","hentry"],"yoast_head":"<!-- This site is optimized with the Yoast SEO plugin v27.4 - https:\/\/yoast.com\/product\/yoast-seo-wordpress\/ -->\n<title>About Us - The Digital Advertising Team<\/title>\n<meta name=\"description\" content=\"Since 2018, The Digital Advertising Team has helped service businesses turn idle websites into predictable, lead-generating, revenue-driving digital assets.\" \/>\n<meta name=\"robots\" content=\"index, follow, max-snippet:-1, max-image-preview:large, max-video-preview:-1\" \/>\n<link rel=\"canonical\" href=\"https:\/\/digitaladvertisingteam.com\/es\/about-us\/\" \/>\n<meta property=\"og:locale\" content=\"es_MX\" \/>\n<meta property=\"og:type\" content=\"article\" \/>\n<meta property=\"og:title\" content=\"About Us - The Digital Advertising Team\" \/>\n<meta property=\"og:description\" content=\"Since 2018, The Digital Advertising Team has helped service businesses turn idle websites into predictable, lead-generating, revenue-driving digital assets.\" \/>\n<meta property=\"og:url\" content=\"https:\/\/digitaladvertisingteam.com\/es\/about-us\/\" \/>\n<meta property=\"og:site_name\" content=\"The Digital Advertising Team\" \/>\n<meta property=\"article:modified_time\" content=\"2026-04-18T07:40:10+00:00\" \/>\n<meta property=\"og:image\" content=\"https:\/\/digitaladvertisingteam.com\/wp-content\/uploads\/2022\/02\/DAT-logo-blue-BG-512-\u00d7-512-px.png\" \/>\n\t<meta property=\"og:image:width\" content=\"512\" \/>\n\t<meta property=\"og:image:height\" content=\"512\" \/>\n\t<meta property=\"og:image:type\" content=\"image\/png\" \/>\n<meta name=\"twitter:card\" content=\"summary_large_image\" \/>\n<meta name=\"twitter:label1\" content=\"Tiempo de lectura\" \/>\n\t<meta name=\"twitter:data1\" content=\"2 minutos\" \/>\n<script type=\"application\/ld+json\" class=\"yoast-schema-graph\">{\"@context\":\"https:\\\/\\\/schema.org\",\"@graph\":[{\"@type\":\"WebPage\",\"@id\":\"https:\\\/\\\/digitaladvertisingteam.com\\\/about-us\\\/\",\"url\":\"https:\\\/\\\/digitaladvertisingteam.com\\\/about-us\\\/\",\"name\":\"About Us - The Digital Advertising Team\",\"isPartOf\":{\"@id\":\"https:\\\/\\\/digitaladvertisingteam.com\\\/#website\"},\"primaryImageOfPage\":{\"@id\":\"https:\\\/\\\/digitaladvertisingteam.com\\\/about-us\\\/#primaryimage\"},\"image\":{\"@id\":\"https:\\\/\\\/digitaladvertisingteam.com\\\/about-us\\\/#primaryimage\"},\"thumbnailUrl\":\"https:\\\/\\\/digitaladvertisingteam.com\\\/wp-content\\\/uploads\\\/2022\\\/02\\\/DAT-logo-blue-BG-512-\u00d7-512-px.png\",\"datePublished\":\"2025-01-17T21:57:06+00:00\",\"dateModified\":\"2026-04-18T07:40:10+00:00\",\"description\":\"Since 2018, The Digital Advertising Team has helped service businesses turn idle websites into predictable, lead-generating, revenue-driving digital assets.\",\"breadcrumb\":{\"@id\":\"https:\\\/\\\/digitaladvertisingteam.com\\\/about-us\\\/#breadcrumb\"},\"inLanguage\":\"es\",\"potentialAction\":[{\"@type\":\"ReadAction\",\"target\":[\"https:\\\/\\\/digitaladvertisingteam.com\\\/about-us\\\/\"]}]},{\"@type\":\"ImageObject\",\"inLanguage\":\"es\",\"@id\":\"https:\\\/\\\/digitaladvertisingteam.com\\\/about-us\\\/#primaryimage\",\"url\":\"https:\\\/\\\/digitaladvertisingteam.com\\\/wp-content\\\/uploads\\\/2022\\\/02\\\/DAT-logo-blue-BG-512-\u00d7-512-px.png\",\"contentUrl\":\"https:\\\/\\\/digitaladvertisingteam.com\\\/wp-content\\\/uploads\\\/2022\\\/02\\\/DAT-logo-blue-BG-512-\u00d7-512-px.png\",\"width\":512,\"height\":512},{\"@type\":\"BreadcrumbList\",\"@id\":\"https:\\\/\\\/digitaladvertisingteam.com\\\/about-us\\\/#breadcrumb\",\"itemListElement\":[{\"@type\":\"ListItem\",\"position\":1,\"name\":\"Home\",\"item\":\"https:\\\/\\\/digitaladvertisingteam.com\\\/\"},{\"@type\":\"ListItem\",\"position\":2,\"name\":\"About Us\"}]},{\"@type\":\"WebSite\",\"@id\":\"https:\\\/\\\/digitaladvertisingteam.com\\\/#website\",\"url\":\"https:\\\/\\\/digitaladvertisingteam.com\\\/\",\"name\":\"The Digital Advertising Team\",\"description\":\"Results Driven Online Advertising Team For Service Businesses\",\"publisher\":{\"@id\":\"https:\\\/\\\/digitaladvertisingteam.com\\\/#organization\"},\"potentialAction\":[{\"@type\":\"SearchAction\",\"target\":{\"@type\":\"EntryPoint\",\"urlTemplate\":\"https:\\\/\\\/digitaladvertisingteam.com\\\/?s={search_term_string}\"},\"query-input\":{\"@type\":\"PropertyValueSpecification\",\"valueRequired\":true,\"valueName\":\"search_term_string\"}}],\"inLanguage\":\"es\"},{\"@type\":\"Organization\",\"@id\":\"https:\\\/\\\/digitaladvertisingteam.com\\\/#organization\",\"name\":\"Digital Advertising Team\",\"url\":\"https:\\\/\\\/digitaladvertisingteam.com\\\/\",\"logo\":{\"@type\":\"ImageObject\",\"inLanguage\":\"es\",\"@id\":\"https:\\\/\\\/digitaladvertisingteam.com\\\/#\\\/schema\\\/logo\\\/image\\\/\",\"url\":\"https:\\\/\\\/digitaladvertisingteam.com\\\/wp-content\\\/uploads\\\/2019\\\/12\\\/DATEAM_logowebtest.png\",\"contentUrl\":\"https:\\\/\\\/digitaladvertisingteam.com\\\/wp-content\\\/uploads\\\/2019\\\/12\\\/DATEAM_logowebtest.png\",\"width\":300,\"height\":80,\"caption\":\"Digital Advertising Team\"},\"image\":{\"@id\":\"https:\\\/\\\/digitaladvertisingteam.com\\\/#\\\/schema\\\/logo\\\/image\\\/\"}}]}<\/script>\n<!-- \/ Yoast SEO plugin. -->","yoast_head_json":{"title":"About Us - The Digital Advertising Team","description":"Since 2018, The Digital Advertising Team has helped service businesses turn idle websites into predictable, lead-generating, revenue-driving digital assets.","robots":{"index":"index","follow":"follow","max-snippet":"max-snippet:-1","max-image-preview":"max-image-preview:large","max-video-preview":"max-video-preview:-1"},"canonical":"https:\/\/digitaladvertisingteam.com\/es\/about-us\/","og_locale":"es_MX","og_type":"article","og_title":"About Us - The Digital Advertising Team","og_description":"Since 2018, The Digital Advertising Team has helped service businesses turn idle websites into predictable, lead-generating, revenue-driving digital assets.","og_url":"https:\/\/digitaladvertisingteam.com\/es\/about-us\/","og_site_name":"The Digital Advertising Team","article_modified_time":"2026-04-18T07:40:10+00:00","og_image":[{"width":512,"height":512,"url":"https:\/\/digitaladvertisingteam.com\/wp-content\/uploads\/2022\/02\/DAT-logo-blue-BG-512-\u00d7-512-px.png","type":"image\/png"}],"twitter_card":"summary_large_image","twitter_misc":{"Tiempo de lectura":"2 minutos"},"schema":{"@context":"https:\/\/schema.org","@graph":[{"@type":"WebPage","@id":"https:\/\/digitaladvertisingteam.com\/about-us\/","url":"https:\/\/digitaladvertisingteam.com\/about-us\/","name":"About Us - The Digital Advertising Team","isPartOf":{"@id":"https:\/\/digitaladvertisingteam.com\/#website"},"primaryImageOfPage":{"@id":"https:\/\/digitaladvertisingteam.com\/about-us\/#primaryimage"},"image":{"@id":"https:\/\/digitaladvertisingteam.com\/about-us\/#primaryimage"},"thumbnailUrl":"https:\/\/digitaladvertisingteam.com\/wp-content\/uploads\/2022\/02\/DAT-logo-blue-BG-512-\u00d7-512-px.png","datePublished":"2025-01-17T21:57:06+00:00","dateModified":"2026-04-18T07:40:10+00:00","description":"Since 2018, The Digital Advertising Team has helped service businesses turn idle websites into predictable, lead-generating, revenue-driving digital assets.","breadcrumb":{"@id":"https:\/\/digitaladvertisingteam.com\/about-us\/#breadcrumb"},"inLanguage":"es","potentialAction":[{"@type":"ReadAction","target":["https:\/\/digitaladvertisingteam.com\/about-us\/"]}]},{"@type":"ImageObject","inLanguage":"es","@id":"https:\/\/digitaladvertisingteam.com\/about-us\/#primaryimage","url":"https:\/\/digitaladvertisingteam.com\/wp-content\/uploads\/2022\/02\/DAT-logo-blue-BG-512-\u00d7-512-px.png","contentUrl":"https:\/\/digitaladvertisingteam.com\/wp-content\/uploads\/2022\/02\/DAT-logo-blue-BG-512-\u00d7-512-px.png","width":512,"height":512},{"@type":"BreadcrumbList","@id":"https:\/\/digitaladvertisingteam.com\/about-us\/#breadcrumb","itemListElement":[{"@type":"ListItem","position":1,"name":"Home","item":"https:\/\/digitaladvertisingteam.com\/"},{"@type":"ListItem","position":2,"name":"About Us"}]},{"@type":"WebSite","@id":"https:\/\/digitaladvertisingteam.com\/#website","url":"https:\/\/digitaladvertisingteam.com\/","name":"El equipo de publicidad digital","description":"Equipo de publicidad online orientado a resultados para empresas de servicios.","publisher":{"@id":"https:\/\/digitaladvertisingteam.com\/#organization"},"potentialAction":[{"@type":"SearchAction","target":{"@type":"EntryPoint","urlTemplate":"https:\/\/digitaladvertisingteam.com\/?s={search_term_string}"},"query-input":{"@type":"PropertyValueSpecification","valueRequired":true,"valueName":"search_term_string"}}],"inLanguage":"es"},{"@type":"Organization","@id":"https:\/\/digitaladvertisingteam.com\/#organization","name":"Equipo de Publicidad Digital","url":"https:\/\/digitaladvertisingteam.com\/","logo":{"@type":"ImageObject","inLanguage":"es","@id":"https:\/\/digitaladvertisingteam.com\/#\/schema\/logo\/image\/","url":"https:\/\/digitaladvertisingteam.com\/wp-content\/uploads\/2019\/12\/DATEAM_logowebtest.png","contentUrl":"https:\/\/digitaladvertisingteam.com\/wp-content\/uploads\/2019\/12\/DATEAM_logowebtest.png","width":300,"height":80,"caption":"Digital Advertising Team"},"image":{"@id":"https:\/\/digitaladvertisingteam.com\/#\/schema\/logo\/image\/"}}]}},"_links":{"self":[{"href":"https:\/\/digitaladvertisingteam.com\/es\/wp-json\/wp\/v2\/pages\/10519","targetHints":{"allow":["GET"]}}],"collection":[{"href":"https:\/\/digitaladvertisingteam.com\/es\/wp-json\/wp\/v2\/pages"}],"about":[{"href":"https:\/\/digitaladvertisingteam.com\/es\/wp-json\/wp\/v2\/types\/page"}],"author":[{"embeddable":true,"href":"https:\/\/digitaladvertisingteam.com\/es\/wp-json\/wp\/v2\/users\/1"}],"replies":[{"embeddable":true,"href":"https:\/\/digitaladvertisingteam.com\/es\/wp-json\/wp\/v2\/comments?post=10519"}],"version-history":[{"count":3,"href":"https:\/\/digitaladvertisingteam.com\/es\/wp-json\/wp\/v2\/pages\/10519\/revisions"}],"predecessor-version":[{"id":14597,"href":"https:\/\/digitaladvertisingteam.com\/es\/wp-json\/wp\/v2\/pages\/10519\/revisions\/14597"}],"wp:featuredmedia":[{"embeddable":true,"href":"https:\/\/digitaladvertisingteam.com\/es\/wp-json\/wp\/v2\/media\/4024"}],"wp:attachment":[{"href":"https:\/\/digitaladvertisingteam.com\/es\/wp-json\/wp\/v2\/media?parent=10519"}],"curies":[{"name":"wp","href":"https:\/\/api.w.org\/{rel}","templated":true}]}}